{"id":47,"date":"2023-05-30T15:02:14","date_gmt":"2023-05-30T15:02:14","guid":{"rendered":"https:\/\/transselin.com\/?page_id=47"},"modified":"2023-06-09T15:32:29","modified_gmt":"2023-06-09T15:32:29","slug":"nosotros","status":"publish","type":"page","link":"https:\/\/transselin.com\/index.php\/nosotros\/","title":{"rendered":"Nosotros"},"content":{"rendered":"\t\t<div data-elementor-type=\"wp-page\" data-elementor-id=\"47\" class=\"elementor elementor-47\">\n\t\t\t\t\t\t\t\t\t<section class=\"elementor-section elementor-top-section elementor-element elementor-element-15226ff elementor-section-boxed elementor-section-height-default elementor-section-height-default\" data-id=\"15226ff\" data-element_type=\"section\">\n\t\t\t\t\t\t<div class=\"elementor-container elementor-column-gap-default\">\n\t\t\t\t\t<div class=\"elementor-column elementor-col-100 elementor-top-column elementor-element elementor-element-603100d\" data-id=\"603100d\" data-element_type=\"column\">\n\t\t\t<div class=\"elementor-widget-wrap elementor-element-populated\">\n\t\t\t\t\t\t\t\t<div class=\"elementor-element elementor-element-6fcfa78 elementor-widget elementor-widget-heading\" data-id=\"6fcfa78\" data-element_type=\"widget\" data-widget_type=\"heading.default\">\n\t\t\t\t<div class=\"elementor-widget-container\">\n\t\t\t<style>\/*! elementor - v3.13.3 - 28-05-2023 *\/\n.elementor-heading-title{padding:0;margin:0;line-height:1}.elementor-widget-heading .elementor-heading-title[class*=elementor-size-]>a{color:inherit;font-size:inherit;line-height:inherit}.elementor-widget-heading .elementor-heading-title.elementor-size-small{font-size:15px}.elementor-widget-heading .elementor-heading-title.elementor-size-medium{font-size:19px}.elementor-widget-heading .elementor-heading-title.elementor-size-large{font-size:29px}.elementor-widget-heading .elementor-heading-title.elementor-size-xl{font-size:39px}.elementor-widget-heading .elementor-heading-title.elementor-size-xxl{font-size:59px}<\/style><h2 class=\"elementor-heading-title elementor-size-default\">TRANSPORTE DE CARGA PESADA TRANSSELIN S.A.<\/h2>\t\t<\/div>\n\t\t\t\t<\/div>\n\t\t\t\t<div class=\"elementor-element elementor-element-9d6a6bc elementor-widget elementor-widget-text-editor\" data-id=\"9d6a6bc\" data-element_type=\"widget\" data-widget_type=\"text-editor.default\">\n\t\t\t\t<div class=\"elementor-widget-container\">\n\t\t\t<style>\/*! elementor - v3.13.3 - 28-05-2023 *\/\n.elementor-widget-text-editor.elementor-drop-cap-view-stacked .elementor-drop-cap{background-color:#69727d;color:#fff}.elementor-widget-text-editor.elementor-drop-cap-view-framed .elementor-drop-cap{color:#69727d;border:3px solid;background-color:transparent}.elementor-widget-text-editor:not(.elementor-drop-cap-view-default) .elementor-drop-cap{margin-top:8px}.elementor-widget-text-editor:not(.elementor-drop-cap-view-default) .elementor-drop-cap-letter{width:1em;height:1em}.elementor-widget-text-editor .elementor-drop-cap{float:left;text-align:center;line-height:1;font-size:50px}.elementor-widget-text-editor .elementor-drop-cap-letter{display:inline-block}<\/style>\t\t\t\t\t\t\t\t\t\t<\/div>\n\t\t\t\t<\/div>\n\t\t\t\t\t<\/div>\n\t\t<\/div>\n\t\t\t\t\t\t\t<\/div>\n\t\t<\/section>\n\t\t\t\t<section class=\"elementor-section elementor-top-section elementor-element elementor-element-047231c elementor-section-boxed elementor-section-height-default elementor-section-height-default\" data-id=\"047231c\" data-element_type=\"section\">\n\t\t\t\t\t\t<div class=\"elementor-container elementor-column-gap-default\">\n\t\t\t\t\t<div class=\"elementor-column elementor-col-100 elementor-top-column elementor-element elementor-element-89ca3b1\" data-id=\"89ca3b1\" data-element_type=\"column\">\n\t\t\t<div class=\"elementor-widget-wrap elementor-element-populated\">\n\t\t\t\t\t\t\t\t<div class=\"elementor-element elementor-element-e88a50a elementor-widget elementor-widget-text-editor\" data-id=\"e88a50a\" data-element_type=\"widget\" data-widget_type=\"text-editor.default\">\n\t\t\t\t<div class=\"elementor-widget-container\">\n\t\t\t\t\t\t\t<p>Somos una empresa con m\u00e1s de 20 a\u00f1os de servicios\u00a0 dedicada a proveer soluciones integrales de transporte que cumpla con las m\u00e1s exigentes necesidades que demande el \u00e1mbito de las importaciones y exportaciones.<\/p><p>\u00a0<\/p><p>Para TRANSSELIN S.A. es primordial establecer\u00a0 sociedades con cada uno de los clientes a los cuales servimos. Nuestro sistema de trabajo consiste en escuchar, observar y entender las necesidades de operaci\u00f3n\u00a0 de nuestros clientes, previo a recomendar una soluci\u00f3n de transporte que satisfaga sus necesidades.<\/p><p>\u00a0<\/p><p>Para esto dispone de un amplio equipo humano de trabajo, de gran experiencia en log\u00edstica y coordinaci\u00f3n de transporte para la importaci\u00f3n y exportaci\u00f3n de carga refrigerada y seca, un alto sentido de responsabilidad, honestidad y puntualidad es el compromiso que nos caracteriza.<\/p><p>TRANSSELIN S.A.\u00a0 Se especializa en transportar contenedores de 20 y 40 pies as\u00ed como tambi\u00e9n carga al granel a todo el pa\u00eds, a tiempo y dentro de su presupuesto.<\/p><p>\u00a0<\/p><p>TRANSSELIN S.A. cuenta con los recursos para asegurar una soluci\u00f3n de transporte de calidad ejemplar en cada embarque y rastreo satelital las 24 horas en nuestras unidades.\u00a0<\/p><p>Estructuramos programas de transporte de acuerdo a la necesidad requerida por los clientes.<\/p><p>\u00a0<\/p><p>Contamos con una extensa flota de unidades propias y\u00a0 una amplia red de transportistas afiliados totalmente calificados, esto unido a la experiencia, seguridad, y honestidad que distingue a TRANSSELIN S.A,\u00a0 garantiza que usted recibir\u00e1 el m\u00e1s alto nivel de servicio y tarifas verdaderamente competitivas. Los transportistas que contratamos\u00a0 cumplen\u00a0 par\u00e1metros de calidad exigidos por los clientes m\u00e1s estrictos a los cuales servimos, entre los m\u00e1s importantes es el compromiso real de proveer un excelente servicio, equipo de calidad y tarifas de integridad. Los transportistas que operan dentro de nuestra red, deben tambi\u00e9n mantener el m\u00e1s alto grado de seguridad.\u00a0<\/p><p>\u00a0<\/p><p>\u00a0<\/p>\t\t\t\t\t\t<\/div>\n\t\t\t\t<\/div>\n\t\t\t\t\t<\/div>\n\t\t<\/div>\n\t\t\t\t\t\t\t<\/div>\n\t\t<\/section>\n\t\t\t\t<section class=\"elementor-section elementor-top-section elementor-element elementor-element-1654dd8 elementor-section-boxed elementor-section-height-default elementor-section-height-default\" data-id=\"1654dd8\" data-element_type=\"section\">\n\t\t\t\t\t\t<div class=\"elementor-container elementor-column-gap-default\">\n\t\t\t\t\t<div class=\"elementor-column elementor-col-100 elementor-top-column elementor-element elementor-element-006d556\" data-id=\"006d556\" data-element_type=\"column\">\n\t\t\t<div class=\"elementor-widget-wrap elementor-element-populated\">\n\t\t\t\t\t\t\t\t<section class=\"elementor-section elementor-inner-section elementor-element elementor-element-18a4806 elementor-section-boxed elementor-section-height-default elementor-section-height-default\" data-id=\"18a4806\" data-element_type=\"section\">\n\t\t\t\t\t\t<div class=\"elementor-container elementor-column-gap-default\">\n\t\t\t\t\t<div class=\"elementor-column elementor-col-50 elementor-inner-column elementor-element elementor-element-01b7146\" data-id=\"01b7146\" data-element_type=\"column\">\n\t\t\t<div class=\"elementor-widget-wrap elementor-element-populated\">\n\t\t\t\t\t\t\t\t<div class=\"elementor-element elementor-element-af032e6 elementor-arrows-position-inside elementor-pagination-position-outside elementor-widget elementor-widget-image-carousel\" data-id=\"af032e6\" data-element_type=\"widget\" data-settings=\"{&quot;slides_to_show&quot;:&quot;1&quot;,&quot;navigation&quot;:&quot;both&quot;,&quot;autoplay&quot;:&quot;yes&quot;,&quot;pause_on_hover&quot;:&quot;yes&quot;,&quot;pause_on_interaction&quot;:&quot;yes&quot;,&quot;autoplay_speed&quot;:5000,&quot;infinite&quot;:&quot;yes&quot;,&quot;effect&quot;:&quot;slide&quot;,&quot;speed&quot;:500}\" data-widget_type=\"image-carousel.default\">\n\t\t\t\t<div class=\"elementor-widget-container\">\n\t\t\t<style>\/*! elementor - v3.13.3 - 28-05-2023 *\/\n.elementor-widget-image-carousel .swiper,.elementor-widget-image-carousel .swiper-container{position:static}.elementor-widget-image-carousel .swiper-container .swiper-slide figure,.elementor-widget-image-carousel .swiper .swiper-slide figure{line-height:inherit}.elementor-widget-image-carousel .swiper-slide{text-align:center}.elementor-image-carousel-wrapper:not(.swiper-container-initialized):not(.swiper-initialized) .swiper-slide{max-width:calc(100% \/ var(--e-image-carousel-slides-to-show, 3))}<\/style>\t\t<div class=\"elementor-image-carousel-wrapper swiper\" dir=\"ltr\">\n\t\t\t<div class=\"elementor-image-carousel swiper-wrapper\">\n\t\t\t\t\t\t\t\t<div class=\"swiper-slide\"><figure class=\"swiper-slide-inner\"><img decoding=\"async\" class=\"swiper-slide-image\" src=\"https:\/\/transselin.com\/wp-content\/uploads\/2023\/05\/camion2-300x128.jpg\" alt=\"camion2\" \/><\/figure><\/div><div class=\"swiper-slide\"><figure class=\"swiper-slide-inner\"><img decoding=\"async\" class=\"swiper-slide-image\" src=\"https:\/\/transselin.com\/wp-content\/uploads\/2023\/05\/CAMION-300x128.jpg\" alt=\"CAMION\" \/><\/figure><\/div>\t\t\t<\/div>\n\t\t\t\t\t\t\t\t\t\t\t\t<div class=\"swiper-pagination\"><\/div>\n\t\t\t\t\t\t\t\t\t\t\t\t\t<div class=\"elementor-swiper-button elementor-swiper-button-prev\" role=\"button\" tabindex=\"0\">\n\t\t\t\t\t\t<i aria-hidden=\"true\" class=\"eicon-chevron-left\"><\/i>\t\t\t\t\t\t<span class=\"elementor-screen-only\">Imagen anterior<\/span>\n\t\t\t\t\t<\/div>\n\t\t\t\t\t<div class=\"elementor-swiper-button elementor-swiper-button-next\" role=\"button\" tabindex=\"0\">\n\t\t\t\t\t\t<i aria-hidden=\"true\" class=\"eicon-chevron-right\"><\/i>\t\t\t\t\t\t<span class=\"elementor-screen-only\">Imagen siguiente<\/span>\n\t\t\t\t\t<\/div>\n\t\t\t\t\t\t\t\t\t<\/div>\n\t\t\t\t<\/div>\n\t\t\t\t<\/div>\n\t\t\t\t\t<\/div>\n\t\t<\/div>\n\t\t\t\t<div class=\"elementor-column elementor-col-50 elementor-inner-column elementor-element elementor-element-bd1fb2a\" data-id=\"bd1fb2a\" data-element_type=\"column\">\n\t\t\t<div class=\"elementor-widget-wrap elementor-element-populated\">\n\t\t\t\t\t\t\t\t<div class=\"elementor-element elementor-element-9b9d0f4 elementor-widget elementor-widget-text-editor\" data-id=\"9b9d0f4\" data-element_type=\"widget\" data-widget_type=\"text-editor.default\">\n\t\t\t\t<div class=\"elementor-widget-container\">\n\t\t\t\t\t\t\t<h1><b>Misi\u00f3n<\/b><\/h1><div><span lang=\"ES-EC\" style=\"font-size: 11.0pt; line-height: 107%; font-family: 'Arial Unicode MS',sans-serif; mso-ansi-language: ES-EC; mso-fareast-language: EN-US; mso-bidi-language: AR-SA;\">Nuestra misi\u00f3n est\u00e1 dedicada a proveer soluciones integrales de la log\u00edstica transporte que cumpla con las m\u00e1s exigentes necesidades que demande el \u00e1mbito de las importaciones y exportaciones.<\/span><\/div><p>\u00a0<\/p>\t\t\t\t\t\t<\/div>\n\t\t\t\t<\/div>\n\t\t\t\t\t<\/div>\n\t\t<\/div>\n\t\t\t\t\t\t\t<\/div>\n\t\t<\/section>\n\t\t\t\t\t<\/div>\n\t\t<\/div>\n\t\t\t\t\t\t\t<\/div>\n\t\t<\/section>\n\t\t\t\t<section class=\"elementor-section elementor-top-section elementor-element elementor-element-ae57529 elementor-section-boxed elementor-section-height-default elementor-section-height-default\" data-id=\"ae57529\" data-element_type=\"section\">\n\t\t\t\t\t\t<div class=\"elementor-container elementor-column-gap-default\">\n\t\t\t\t\t<div class=\"elementor-column elementor-col-33 elementor-top-column elementor-element elementor-element-5858dd0\" data-id=\"5858dd0\" data-element_type=\"column\">\n\t\t\t<div class=\"elementor-widget-wrap elementor-element-populated\">\n\t\t\t\t\t\t\t\t<div class=\"elementor-element elementor-element-ecd2d7a elementor-widget elementor-widget-text-editor\" data-id=\"ecd2d7a\" data-element_type=\"widget\" data-widget_type=\"text-editor.default\">\n\t\t\t\t<div class=\"elementor-widget-container\">\n\t\t\t\t\t\t\t<h1 style=\"text-align: right;\">Visi\u00f3n<\/h1>\n<div>&nbsp;<span style=\"font-family: 'Arial Unicode MS', sans-serif; font-size: 11pt; color: var( --e-global-color-text ); font-weight: var( --e-global-typography-text-font-weight );\">Tener su confianza para que nos permita manejar su carga de tal manera que usted pueda tener la plena certeza de que su producto est\u00e1 en las mejores manos y cuando piense en transportar carga piense en nosotros.<\/span><\/div>\t\t\t\t\t\t<\/div>\n\t\t\t\t<\/div>\n\t\t\t\t\t<\/div>\n\t\t<\/div>\n\t\t\t\t<div class=\"elementor-column elementor-col-66 elementor-top-column elementor-element elementor-element-463bc55\" data-id=\"463bc55\" data-element_type=\"column\">\n\t\t\t<div class=\"elementor-widget-wrap elementor-element-populated\">\n\t\t\t\t\t\t\t\t<div class=\"elementor-element elementor-element-de6eb0f elementor-widget elementor-widget-image\" data-id=\"de6eb0f\" data-element_type=\"widget\" data-widget_type=\"image.default\">\n\t\t\t\t<div class=\"elementor-widget-container\">\n\t\t\t<style>\/*! elementor - v3.13.3 - 28-05-2023 *\/\n.elementor-widget-image{text-align:center}.elementor-widget-image a{display:inline-block}.elementor-widget-image a img[src$=\".svg\"]{width:48px}.elementor-widget-image img{vertical-align:middle;display:inline-block}<\/style>\t\t\t\t\t\t\t\t\t\t\t\t<img loading=\"lazy\" decoding=\"async\" width=\"150\" height=\"150\" src=\"https:\/\/transselin.com\/wp-content\/uploads\/2023\/06\/logo-transselin-150x150.png\" class=\"attachment-thumbnail size-thumbnail wp-image-111\" alt=\"\" \/>\t\t\t\t\t\t\t\t\t\t\t\t\t\t\t<\/div>\n\t\t\t\t<\/div>\n\t\t\t\t\t<\/div>\n\t\t<\/div>\n\t\t\t\t\t\t\t<\/div>\n\t\t<\/section>\n\t\t\t\t\t\t\t<\/div>\n\t\t","protected":false},"excerpt":{"rendered":"<p>TRANSPORTE DE CARGA PESADA TRANSSELIN S.A. Somos una empresa con m\u00e1s de 20 a\u00f1os de servicios\u00a0 dedicada a proveer soluciones integrales de transporte que cumpla con las m\u00e1s exigentes necesidades que demande el \u00e1mbito de las importaciones y exportaciones. \u00a0 Para TRANSSELIN S.A. es primordial establecer\u00a0 sociedades con cada uno de los clientes a los cuales servimos. Nuestro sistema de trabajo consiste en escuchar, observar y entender las necesidades de operaci\u00f3n\u00a0 de nuestros clientes, previo a recomendar una soluci\u00f3n de transporte que satisfaga sus necesidades. \u00a0 Para esto dispone de un amplio equipo humano de trabajo, de gran experiencia en<\/p>\n","protected":false},"author":1,"featured_media":0,"parent":0,"menu_order":0,"comment_status":"closed","ping_status":"closed","template":"","meta":{"footnotes":""},"class_list":["post-47","page","type-page","status-publish","hentry"],"_links":{"self":[{"href":"https:\/\/transselin.com\/index.php\/wp-json\/wp\/v2\/pages\/47","targetHints":{"allow":["GET"]}}],"collection":[{"href":"https:\/\/transselin.com\/index.php\/wp-json\/wp\/v2\/pages"}],"about":[{"href":"https:\/\/transselin.com\/index.php\/wp-json\/wp\/v2\/types\/page"}],"author":[{"embeddable":true,"href":"https:\/\/transselin.com\/index.php\/wp-json\/wp\/v2\/users\/1"}],"replies":[{"embeddable":true,"href":"https:\/\/transselin.com\/index.php\/wp-json\/wp\/v2\/comments?post=47"}],"version-history":[{"count":16,"href":"https:\/\/transselin.com\/index.php\/wp-json\/wp\/v2\/pages\/47\/revisions"}],"predecessor-version":[{"id":121,"href":"https:\/\/transselin.com\/index.php\/wp-json\/wp\/v2\/pages\/47\/revisions\/121"}],"wp:attachment":[{"href":"https:\/\/transselin.com\/index.php\/wp-json\/wp\/v2\/media?parent=47"}],"curies":[{"name":"wp","href":"https:\/\/api.w.org\/{rel}","templated":true}]}}